{"id":35,"date":"2020-04-27T19:06:06","date_gmt":"2020-04-27T19:06:06","guid":{"rendered":"http:\/\/www.dcautoma.sk\/?page_id=35"},"modified":"2020-12-26T18:07:51","modified_gmt":"2020-12-26T18:07:51","slug":"previjanie-elektromotorov","status":"publish","type":"page","link":"https:\/\/www.dcautoma.sk\/?page_id=35","title":{"rendered":"Prev\u00edjanie elektromotorov"},"content":{"rendered":"\n<p>Zabezpe\u010dujeme prev\u00edjanie a opravu asynchronn\u00fdch elektromotorov<\/p>\n\n\n\n<figure class=\"wp-container-2 wp-block-gallery-1 wp-block-gallery columns-1 is-cropped\"><ul class=\"blocks-gallery-grid\"><li class=\"blocks-gallery-item\"><figure><img loading=\"lazy\" width=\"1024\" height=\"768\" src=\"https:\/\/www.dcautoma.sk\/wp-content\/uploads\/2020\/12\/20200724_114343-1024x768.jpg\" alt=\"\" data-id=\"251\" data-full-url=\"https:\/\/www.dcautoma.sk\/wp-content\/uploads\/2020\/12\/20200724_114343-scaled.jpg\" data-link=\"https:\/\/www.dcautoma.sk\/?attachment_id=251\" class=\"wp-image-251\" srcset=\"https:\/\/www.dcautoma.sk\/wp-content\/uploads\/2020\/12\/20200724_114343-1024x768.jpg 1024w, https:\/\/www.dcautoma.sk\/wp-content\/uploads\/2020\/12\/20200724_114343-300x225.jpg 300w, https:\/\/www.dcautoma.sk\/wp-content\/uploads\/2020\/12\/20200724_114343-768x576.jpg 768w, https:\/\/www.dcautoma.sk\/wp-content\/uploads\/2020\/12\/20200724_114343-1536x1152.jpg 1536w, https:\/\/www.dcautoma.sk\/wp-content\/uploads\/2020\/12\/20200724_114343-2048x1536.jpg 2048w\" sizes=\"(max-width: 1024px) 100vw, 1024px\" \/><\/figure><\/li><\/ul><\/figure>\n\n\n\n<figure class=\"wp-container-4 wp-block-gallery-3 wp-block-gallery columns-1 is-cropped\"><ul class=\"blocks-gallery-grid\"><li class=\"blocks-gallery-item\"><figure><img loading=\"lazy\" width=\"1024\" height=\"768\" src=\"https:\/\/www.dcautoma.sk\/wp-content\/uploads\/2020\/12\/20200728_091949-1024x768.jpg\" alt=\"\" data-id=\"252\" data-full-url=\"https:\/\/www.dcautoma.sk\/wp-content\/uploads\/2020\/12\/20200728_091949-scaled.jpg\" data-link=\"https:\/\/www.dcautoma.sk\/?attachment_id=252\" class=\"wp-image-252\" srcset=\"https:\/\/www.dcautoma.sk\/wp-content\/uploads\/2020\/12\/20200728_091949-1024x768.jpg 1024w, https:\/\/www.dcautoma.sk\/wp-content\/uploads\/2020\/12\/20200728_091949-300x225.jpg 300w, https:\/\/www.dcautoma.sk\/wp-content\/uploads\/2020\/12\/20200728_091949-768x576.jpg 768w, https:\/\/www.dcautoma.sk\/wp-content\/uploads\/2020\/12\/20200728_091949-1536x1152.jpg 1536w, https:\/\/www.dcautoma.sk\/wp-content\/uploads\/2020\/12\/20200728_091949-2048x1536.jpg 2048w\" sizes=\"(max-width: 1024px) 100vw, 1024px\" \/><\/figure><\/li><\/ul><\/figure>\n","protected":false},"excerpt":{"rendered":"<p>Zabezpe\u010dujeme prev\u00edjanie a opravu asynchronn\u00fdch elektromotorov<\/p>\n","protected":false},"author":1,"featured_media":0,"parent":0,"menu_order":0,"comment_status":"closed","ping_status":"closed","template":"","meta":[],"_links":{"self":[{"href":"https:\/\/www.dcautoma.sk\/index.php?rest_route=\/wp\/v2\/pages\/35"}],"collection":[{"href":"https:\/\/www.dcautoma.sk\/index.php?rest_route=\/wp\/v2\/pages"}],"about":[{"href":"https:\/\/www.dcautoma.sk\/index.php?rest_route=\/wp\/v2\/types\/page"}],"author":[{"embeddable":true,"href":"https:\/\/www.dcautoma.sk\/index.php?rest_route=\/wp\/v2\/users\/1"}],"replies":[{"embeddable":true,"href":"https:\/\/www.dcautoma.sk\/index.php?rest_route=%2Fwp%2Fv2%2Fcomments&post=35"}],"version-history":[{"count":6,"href":"https:\/\/www.dcautoma.sk\/index.php?rest_route=\/wp\/v2\/pages\/35\/revisions"}],"predecessor-version":[{"id":261,"href":"https:\/\/www.dcautoma.sk\/index.php?rest_route=\/wp\/v2\/pages\/35\/revisions\/261"}],"wp:attachment":[{"href":"https:\/\/www.dcautoma.sk\/index.php?rest_route=%2Fwp%2Fv2%2Fmedia&parent=35"}],"curies":[{"name":"wp","href":"https:\/\/api.w.org\/{rel}","templated":true}]}}