{"id":29,"date":"2020-04-27T19:06:14","date_gmt":"2020-04-27T19:06:14","guid":{"rendered":"http:\/\/www.dcautoma.sk\/?page_id=29"},"modified":"2020-12-27T16:18:33","modified_gmt":"2020-12-27T16:18:33","slug":"priemyselna-automatizacia","status":"publish","type":"page","link":"https:\/\/www.dcautoma.sk\/?page_id=29","title":{"rendered":"Priemyseln\u00e1 automatiz\u00e1cia"},"content":{"rendered":"\n<p>Vieme komplexne zabezpe\u010di\u0165 rekon\u0161trukciu zariadenia jestvuj\u00faceho zariadenia. Zaober\u00e1me sa zhotoven\u00edm projektovej dokument\u00e1cie , samotnou v\u00fdrobou elektrick\u00fdch rozv\u00e1dza\u010dov , mont\u00e1\u017eou v\u0161etk\u00fdch elektrick\u00fdch komponentov , vr\u00e1tane programovania riadiaceho PLC.<\/p>\n\n\n\n<figure class=\"wp-container-2 wp-block-gallery-1 wp-block-gallery columns-1 is-cropped\"><ul class=\"blocks-gallery-grid\"><li class=\"blocks-gallery-item\"><figure><img loading=\"lazy\" width=\"576\" height=\"1024\" src=\"https:\/\/www.dcautoma.sk\/wp-content\/uploads\/2020\/12\/20190531_184839-576x1024.jpg\" alt=\"\" data-id=\"234\" data-full-url=\"https:\/\/www.dcautoma.sk\/wp-content\/uploads\/2020\/12\/20190531_184839-scaled.jpg\" data-link=\"https:\/\/www.dcautoma.sk\/?attachment_id=234\" class=\"wp-image-234\" srcset=\"https:\/\/www.dcautoma.sk\/wp-content\/uploads\/2020\/12\/20190531_184839-576x1024.jpg 576w, https:\/\/www.dcautoma.sk\/wp-content\/uploads\/2020\/12\/20190531_184839-169x300.jpg 169w, https:\/\/www.dcautoma.sk\/wp-content\/uploads\/2020\/12\/20190531_184839-768x1365.jpg 768w, https:\/\/www.dcautoma.sk\/wp-content\/uploads\/2020\/12\/20190531_184839-864x1536.jpg 864w, https:\/\/www.dcautoma.sk\/wp-content\/uploads\/2020\/12\/20190531_184839-1152x2048.jpg 1152w, https:\/\/www.dcautoma.sk\/wp-content\/uploads\/2020\/12\/20190531_184839-scaled.jpg 1440w\" sizes=\"(max-width: 576px) 100vw, 576px\" \/><\/figure><\/li><\/ul><\/figure>\n\n\n\n<figure class=\"wp-block-image size-large\"><img loading=\"lazy\" width=\"1024\" height=\"768\" src=\"https:\/\/www.dcautoma.sk\/wp-content\/uploads\/2020\/12\/20190918_134835-1024x768.jpg\" alt=\"\" class=\"wp-image-235\" srcset=\"https:\/\/www.dcautoma.sk\/wp-content\/uploads\/2020\/12\/20190918_134835-1024x768.jpg 1024w, https:\/\/www.dcautoma.sk\/wp-content\/uploads\/2020\/12\/20190918_134835-300x225.jpg 300w, https:\/\/www.dcautoma.sk\/wp-content\/uploads\/2020\/12\/20190918_134835-768x576.jpg 768w, https:\/\/www.dcautoma.sk\/wp-content\/uploads\/2020\/12\/20190918_134835-1536x1152.jpg 1536w, https:\/\/www.dcautoma.sk\/wp-content\/uploads\/2020\/12\/20190918_134835-2048x1536.jpg 2048w\" sizes=\"(max-width: 1024px) 100vw, 1024px\" \/><\/figure>\n\n\n\n<figure class=\"wp-block-image size-large\"><img loading=\"lazy\" width=\"1024\" height=\"498\" src=\"https:\/\/www.dcautoma.sk\/wp-content\/uploads\/2020\/12\/20190219_103701-1024x498.jpg\" alt=\"\" class=\"wp-image-237\" srcset=\"https:\/\/www.dcautoma.sk\/wp-content\/uploads\/2020\/12\/20190219_103701-1024x498.jpg 1024w, https:\/\/www.dcautoma.sk\/wp-content\/uploads\/2020\/12\/20190219_103701-300x146.jpg 300w, https:\/\/www.dcautoma.sk\/wp-content\/uploads\/2020\/12\/20190219_103701-768x373.jpg 768w, https:\/\/www.dcautoma.sk\/wp-content\/uploads\/2020\/12\/20190219_103701-1536x747.jpg 1536w, https:\/\/www.dcautoma.sk\/wp-content\/uploads\/2020\/12\/20190219_103701-2048x996.jpg 2048w\" sizes=\"(max-width: 1024px) 100vw, 1024px\" \/><\/figure>\n\n\n\n<figure class=\"wp-block-image size-large\"><img loading=\"lazy\" width=\"1024\" height=\"768\" src=\"https:\/\/www.dcautoma.sk\/wp-content\/uploads\/2020\/12\/20201009_143737-1024x768.jpg\" alt=\"\" class=\"wp-image-239\" srcset=\"https:\/\/www.dcautoma.sk\/wp-content\/uploads\/2020\/12\/20201009_143737-1024x768.jpg 1024w, https:\/\/www.dcautoma.sk\/wp-content\/uploads\/2020\/12\/20201009_143737-300x225.jpg 300w, https:\/\/www.dcautoma.sk\/wp-content\/uploads\/2020\/12\/20201009_143737-768x576.jpg 768w, https:\/\/www.dcautoma.sk\/wp-content\/uploads\/2020\/12\/20201009_143737-1536x1152.jpg 1536w, https:\/\/www.dcautoma.sk\/wp-content\/uploads\/2020\/12\/20201009_143737-2048x1536.jpg 2048w\" sizes=\"(max-width: 1024px) 100vw, 1024px\" \/><\/figure>\n\n\n\n<figure class=\"wp-block-image size-large\"><img loading=\"lazy\" width=\"1024\" height=\"768\" src=\"https:\/\/www.dcautoma.sk\/wp-content\/uploads\/2020\/12\/20200506_132833-1024x768.jpg\" alt=\"\" class=\"wp-image-236\" srcset=\"https:\/\/www.dcautoma.sk\/wp-content\/uploads\/2020\/12\/20200506_132833-1024x768.jpg 1024w, https:\/\/www.dcautoma.sk\/wp-content\/uploads\/2020\/12\/20200506_132833-300x225.jpg 300w, https:\/\/www.dcautoma.sk\/wp-content\/uploads\/2020\/12\/20200506_132833-768x576.jpg 768w, https:\/\/www.dcautoma.sk\/wp-content\/uploads\/2020\/12\/20200506_132833-1536x1152.jpg 1536w, https:\/\/www.dcautoma.sk\/wp-content\/uploads\/2020\/12\/20200506_132833-2048x1536.jpg 2048w\" sizes=\"(max-width: 1024px) 100vw, 1024px\" \/><\/figure>\n","protected":false},"excerpt":{"rendered":"<p>Vieme komplexne zabezpe\u010di\u0165 rekon\u0161trukciu zariadenia jestvuj\u00faceho zariadenia. Zaober\u00e1me sa zhotoven\u00edm projektovej dokument\u00e1cie , samotnou v\u00fdrobou elektrick\u00fdch rozv\u00e1dza\u010dov , mont\u00e1\u017eou v\u0161etk\u00fdch elektrick\u00fdch komponentov , vr\u00e1tane programovania riadiaceho PLC.<\/p>\n","protected":false},"author":1,"featured_media":0,"parent":0,"menu_order":0,"comment_status":"closed","ping_status":"closed","template":"","meta":[],"_links":{"self":[{"href":"https:\/\/www.dcautoma.sk\/index.php?rest_route=\/wp\/v2\/pages\/29"}],"collection":[{"href":"https:\/\/www.dcautoma.sk\/index.php?rest_route=\/wp\/v2\/pages"}],"about":[{"href":"https:\/\/www.dcautoma.sk\/index.php?rest_route=\/wp\/v2\/types\/page"}],"author":[{"embeddable":true,"href":"https:\/\/www.dcautoma.sk\/index.php?rest_route=\/wp\/v2\/users\/1"}],"replies":[{"embeddable":true,"href":"https:\/\/www.dcautoma.sk\/index.php?rest_route=%2Fwp%2Fv2%2Fcomments&post=29"}],"version-history":[{"count":4,"href":"https:\/\/www.dcautoma.sk\/index.php?rest_route=\/wp\/v2\/pages\/29\/revisions"}],"predecessor-version":[{"id":266,"href":"https:\/\/www.dcautoma.sk\/index.php?rest_route=\/wp\/v2\/pages\/29\/revisions\/266"}],"wp:attachment":[{"href":"https:\/\/www.dcautoma.sk\/index.php?rest_route=%2Fwp%2Fv2%2Fmedia&parent=29"}],"curies":[{"name":"wp","href":"https:\/\/api.w.org\/{rel}","templated":true}]}}