{"id":271,"date":"2020-12-29T14:22:12","date_gmt":"2020-12-29T14:22:12","guid":{"rendered":"http:\/\/www.dcautoma.sk\/?page_id=271"},"modified":"2020-12-29T14:32:09","modified_gmt":"2020-12-29T14:32:09","slug":"opravy-elektroniky","status":"publish","type":"page","link":"https:\/\/www.dcautoma.sk\/?page_id=271","title":{"rendered":"Oprava elektroniky"},"content":{"rendered":"\n<p>Zaober\u00e1me sa servisom dosiek plo\u0161n\u00fdch spojov hlavne priemyselnej elektroniky<\/p>\n\n\n\n<figure class=\"wp-container-2 wp-block-gallery-1 wp-block-gallery columns-1 is-cropped\"><ul class=\"blocks-gallery-grid\"><li class=\"blocks-gallery-item\"><figure><img loading=\"lazy\" width=\"1024\" height=\"768\" src=\"https:\/\/www.dcautoma.sk\/wp-content\/uploads\/2020\/12\/20201015_120042-1024x768.jpg\" alt=\"\" data-id=\"272\" data-link=\"https:\/\/www.dcautoma.sk\/?attachment_id=272\" class=\"wp-image-272\" srcset=\"https:\/\/www.dcautoma.sk\/wp-content\/uploads\/2020\/12\/20201015_120042-1024x768.jpg 1024w, https:\/\/www.dcautoma.sk\/wp-content\/uploads\/2020\/12\/20201015_120042-300x225.jpg 300w, https:\/\/www.dcautoma.sk\/wp-content\/uploads\/2020\/12\/20201015_120042-768x576.jpg 768w, https:\/\/www.dcautoma.sk\/wp-content\/uploads\/2020\/12\/20201015_120042-1536x1152.jpg 1536w, https:\/\/www.dcautoma.sk\/wp-content\/uploads\/2020\/12\/20201015_120042-2048x1536.jpg 2048w\" sizes=\"(max-width: 1024px) 100vw, 1024px\" \/><\/figure><\/li><\/ul><\/figure>\n\n\n\n<figure class=\"wp-container-4 wp-block-gallery-3 wp-block-gallery columns-1 is-cropped\"><ul class=\"blocks-gallery-grid\"><li class=\"blocks-gallery-item\"><figure><img loading=\"lazy\" width=\"1024\" height=\"766\" src=\"https:\/\/www.dcautoma.sk\/wp-content\/uploads\/2020\/12\/PA114814-1-1024x766.jpg\" alt=\"\" data-id=\"274\" data-full-url=\"https:\/\/www.dcautoma.sk\/wp-content\/uploads\/2020\/12\/PA114814-1.jpg\" data-link=\"https:\/\/www.dcautoma.sk\/?attachment_id=274\" class=\"wp-image-274\" srcset=\"https:\/\/www.dcautoma.sk\/wp-content\/uploads\/2020\/12\/PA114814-1-1024x766.jpg 1024w, https:\/\/www.dcautoma.sk\/wp-content\/uploads\/2020\/12\/PA114814-1-300x224.jpg 300w, https:\/\/www.dcautoma.sk\/wp-content\/uploads\/2020\/12\/PA114814-1-768x575.jpg 768w, https:\/\/www.dcautoma.sk\/wp-content\/uploads\/2020\/12\/PA114814-1-1536x1149.jpg 1536w, https:\/\/www.dcautoma.sk\/wp-content\/uploads\/2020\/12\/PA114814-1-2048x1532.jpg 2048w\" sizes=\"(max-width: 1024px) 100vw, 1024px\" \/><figcaption class=\"blocks-gallery-item__caption\">OLYMPUS DIGITAL CAMERA<\/figcaption><\/figure><\/li><\/ul><\/figure>\n\n\n\n<figure class=\"wp-container-6 wp-block-gallery-5 wp-block-gallery columns-1 is-cropped\"><ul class=\"blocks-gallery-grid\"><li class=\"blocks-gallery-item\"><figure><img loading=\"lazy\" width=\"1024\" height=\"766\" src=\"https:\/\/www.dcautoma.sk\/wp-content\/uploads\/2020\/12\/PA214835-1024x766.jpg\" alt=\"\" data-id=\"275\" data-link=\"https:\/\/www.dcautoma.sk\/?attachment_id=275\" class=\"wp-image-275\" srcset=\"https:\/\/www.dcautoma.sk\/wp-content\/uploads\/2020\/12\/PA214835-1024x766.jpg 1024w, https:\/\/www.dcautoma.sk\/wp-content\/uploads\/2020\/12\/PA214835-300x224.jpg 300w, https:\/\/www.dcautoma.sk\/wp-content\/uploads\/2020\/12\/PA214835-768x575.jpg 768w, https:\/\/www.dcautoma.sk\/wp-content\/uploads\/2020\/12\/PA214835-1536x1149.jpg 1536w, https:\/\/www.dcautoma.sk\/wp-content\/uploads\/2020\/12\/PA214835-2048x1532.jpg 2048w\" sizes=\"(max-width: 1024px) 100vw, 1024px\" \/><figcaption class=\"blocks-gallery-item__caption\">OLYMPUS DIGITAL CAMERA<\/figcaption><\/figure><\/li><\/ul><\/figure>\n\n\n\n<figure class=\"wp-container-8 wp-block-gallery-7 wp-block-gallery columns-1 is-cropped\"><ul class=\"blocks-gallery-grid\"><li class=\"blocks-gallery-item\"><figure><img loading=\"lazy\" width=\"768\" height=\"1024\" src=\"https:\/\/www.dcautoma.sk\/wp-content\/uploads\/2020\/12\/20201015_120037-1-768x1024.jpg\" alt=\"\" data-id=\"277\" data-full-url=\"https:\/\/www.dcautoma.sk\/wp-content\/uploads\/2020\/12\/20201015_120037-1-scaled.jpg\" data-link=\"https:\/\/www.dcautoma.sk\/?attachment_id=277\" class=\"wp-image-277\" srcset=\"https:\/\/www.dcautoma.sk\/wp-content\/uploads\/2020\/12\/20201015_120037-1-768x1024.jpg 768w, https:\/\/www.dcautoma.sk\/wp-content\/uploads\/2020\/12\/20201015_120037-1-225x300.jpg 225w, https:\/\/www.dcautoma.sk\/wp-content\/uploads\/2020\/12\/20201015_120037-1-1152x1536.jpg 1152w, https:\/\/www.dcautoma.sk\/wp-content\/uploads\/2020\/12\/20201015_120037-1-1536x2048.jpg 1536w, https:\/\/www.dcautoma.sk\/wp-content\/uploads\/2020\/12\/20201015_120037-1-scaled.jpg 1920w\" sizes=\"(max-width: 768px) 100vw, 768px\" \/><\/figure><\/li><\/ul><\/figure>\n","protected":false},"excerpt":{"rendered":"<p>Zaober\u00e1me sa servisom dosiek plo\u0161n\u00fdch spojov hlavne priemyselnej elektroniky<\/p>\n","protected":false},"author":1,"featured_media":0,"parent":0,"menu_order":0,"comment_status":"closed","ping_status":"closed","template":"","meta":[],"_links":{"self":[{"href":"https:\/\/www.dcautoma.sk\/index.php?rest_route=\/wp\/v2\/pages\/271"}],"collection":[{"href":"https:\/\/www.dcautoma.sk\/index.php?rest_route=\/wp\/v2\/pages"}],"about":[{"href":"https:\/\/www.dcautoma.sk\/index.php?rest_route=\/wp\/v2\/types\/page"}],"author":[{"embeddable":true,"href":"https:\/\/www.dcautoma.sk\/index.php?rest_route=\/wp\/v2\/users\/1"}],"replies":[{"embeddable":true,"href":"https:\/\/www.dcautoma.sk\/index.php?rest_route=%2Fwp%2Fv2%2Fcomments&post=271"}],"version-history":[{"count":2,"href":"https:\/\/www.dcautoma.sk\/index.php?rest_route=\/wp\/v2\/pages\/271\/revisions"}],"predecessor-version":[{"id":294,"href":"https:\/\/www.dcautoma.sk\/index.php?rest_route=\/wp\/v2\/pages\/271\/revisions\/294"}],"wp:attachment":[{"href":"https:\/\/www.dcautoma.sk\/index.php?rest_route=%2Fwp%2Fv2%2Fmedia&parent=271"}],"curies":[{"name":"wp","href":"https:\/\/api.w.org\/{rel}","templated":true}]}}