{"id":27,"date":"2020-04-27T19:05:32","date_gmt":"2020-04-27T19:05:32","guid":{"rendered":"http:\/\/www.dcautoma.sk\/?page_id=27"},"modified":"2022-01-30T14:12:51","modified_gmt":"2022-01-30T14:12:51","slug":"opravy-cnc-strojov-a-elektrickych-zariadeni","status":"publish","type":"page","link":"https:\/\/www.dcautoma.sk\/?page_id=27","title":{"rendered":"Opravy CNC strojov a elektrick\u00fdch zariaden\u00ed"},"content":{"rendered":"\n<p class=\"has-dark-gray-color has-white-background-color has-text-color has-background\">Firma sa zaober\u00e1 opravou strojov v priemysle v nasleduj\u00facich oblastiach : automobilov\u00fd , stroj\u00e1rsky , potravin\u00e1rsky , drevospracuj\u00faci , stavebn\u00fd . Zaober\u00e1me sa poruchami elektrick\u00e9ho , mechanick\u00e9ho , pneumatick\u00e9ho alebo hydraulick\u00e9ho charakteru.<\/p>\n\n\n\n<figure class=\"wp-container-2 wp-block-gallery-1 wp-block-gallery has-nested-images columns-default is-cropped\">\n<figure class=\"wp-block-image size-large\"><img loading=\"lazy\" width=\"1024\" height=\"576\" data-id=\"228\"  src=\"https:\/\/www.dcautoma.sk\/wp-content\/uploads\/2020\/12\/20190715_132856-2-1024x576.jpg\" alt=\"\" class=\"wp-image-228\" srcset=\"https:\/\/www.dcautoma.sk\/wp-content\/uploads\/2020\/12\/20190715_132856-2-1024x576.jpg 1024w, https:\/\/www.dcautoma.sk\/wp-content\/uploads\/2020\/12\/20190715_132856-2-300x169.jpg 300w, https:\/\/www.dcautoma.sk\/wp-content\/uploads\/2020\/12\/20190715_132856-2-768x432.jpg 768w, https:\/\/www.dcautoma.sk\/wp-content\/uploads\/2020\/12\/20190715_132856-2-1536x864.jpg 1536w, https:\/\/www.dcautoma.sk\/wp-content\/uploads\/2020\/12\/20190715_132856-2-2048x1152.jpg 2048w\" sizes=\"(max-width: 1024px) 100vw, 1024px\" \/><\/figure>\n<\/figure>\n\n\n\n<figure class=\"wp-container-4 wp-block-gallery-3 wp-block-gallery has-nested-images columns-default is-cropped\">\n<figure class=\"wp-block-image size-large\"><img loading=\"lazy\" width=\"1024\" height=\"576\" data-id=\"227\"  src=\"https:\/\/www.dcautoma.sk\/wp-content\/uploads\/2020\/12\/20190621_072055-1024x576.jpg\" alt=\"\" class=\"wp-image-227\" srcset=\"https:\/\/www.dcautoma.sk\/wp-content\/uploads\/2020\/12\/20190621_072055-1024x576.jpg 1024w, https:\/\/www.dcautoma.sk\/wp-content\/uploads\/2020\/12\/20190621_072055-300x169.jpg 300w, https:\/\/www.dcautoma.sk\/wp-content\/uploads\/2020\/12\/20190621_072055-768x432.jpg 768w, https:\/\/www.dcautoma.sk\/wp-content\/uploads\/2020\/12\/20190621_072055-1536x864.jpg 1536w, https:\/\/www.dcautoma.sk\/wp-content\/uploads\/2020\/12\/20190621_072055-2048x1152.jpg 2048w\" sizes=\"(max-width: 1024px) 100vw, 1024px\" \/><\/figure>\n<\/figure>\n\n\n\n<figure class=\"wp-block-image size-large\"><img loading=\"lazy\" width=\"1024\" height=\"768\" src=\"https:\/\/www.dcautoma.sk\/wp-content\/uploads\/2020\/12\/20201015_120212-1-1024x768.jpg\" alt=\"\" class=\"wp-image-229\" srcset=\"https:\/\/www.dcautoma.sk\/wp-content\/uploads\/2020\/12\/20201015_120212-1-1024x768.jpg 1024w, https:\/\/www.dcautoma.sk\/wp-content\/uploads\/2020\/12\/20201015_120212-1-300x225.jpg 300w, https:\/\/www.dcautoma.sk\/wp-content\/uploads\/2020\/12\/20201015_120212-1-768x576.jpg 768w, https:\/\/www.dcautoma.sk\/wp-content\/uploads\/2020\/12\/20201015_120212-1-1536x1152.jpg 1536w, https:\/\/www.dcautoma.sk\/wp-content\/uploads\/2020\/12\/20201015_120212-1-2048x1536.jpg 2048w\" sizes=\"(max-width: 1024px) 100vw, 1024px\" \/><\/figure>\n\n\n\n<figure class=\"wp-block-image size-large\"><img loading=\"lazy\" width=\"1024\" height=\"768\" src=\"https:\/\/www.dcautoma.sk\/wp-content\/uploads\/2020\/12\/20181019_115420-1024x768.jpg\" alt=\"\" class=\"wp-image-230\" srcset=\"https:\/\/www.dcautoma.sk\/wp-content\/uploads\/2020\/12\/20181019_115420-1024x768.jpg 1024w, https:\/\/www.dcautoma.sk\/wp-content\/uploads\/2020\/12\/20181019_115420-300x225.jpg 300w, https:\/\/www.dcautoma.sk\/wp-content\/uploads\/2020\/12\/20181019_115420-768x576.jpg 768w, https:\/\/www.dcautoma.sk\/wp-content\/uploads\/2020\/12\/20181019_115420-1536x1152.jpg 1536w, https:\/\/www.dcautoma.sk\/wp-content\/uploads\/2020\/12\/20181019_115420-2048x1536.jpg 2048w\" sizes=\"(max-width: 1024px) 100vw, 1024px\" \/><\/figure>\n\n\n\n<figure class=\"wp-block-image size-large\"><img loading=\"lazy\" width=\"1024\" height=\"768\" src=\"https:\/\/www.dcautoma.sk\/wp-content\/uploads\/2020\/12\/IMG_1808-1-1024x768.jpg\" alt=\"\" class=\"wp-image-231\" srcset=\"https:\/\/www.dcautoma.sk\/wp-content\/uploads\/2020\/12\/IMG_1808-1-1024x768.jpg 1024w, https:\/\/www.dcautoma.sk\/wp-content\/uploads\/2020\/12\/IMG_1808-1-300x225.jpg 300w, https:\/\/www.dcautoma.sk\/wp-content\/uploads\/2020\/12\/IMG_1808-1-768x576.jpg 768w, https:\/\/www.dcautoma.sk\/wp-content\/uploads\/2020\/12\/IMG_1808-1-1536x1152.jpg 1536w, https:\/\/www.dcautoma.sk\/wp-content\/uploads\/2020\/12\/IMG_1808-1-2048x1536.jpg 2048w\" sizes=\"(max-width: 1024px) 100vw, 1024px\" \/><\/figure>\n","protected":false},"excerpt":{"rendered":"<p>Firma sa zaober\u00e1 opravou strojov v priemysle v nasleduj\u00facich oblastiach : automobilov\u00fd , stroj\u00e1rsky , potravin\u00e1rsky , drevospracuj\u00faci , stavebn\u00fd . Zaober\u00e1me sa poruchami elektrick\u00e9ho , mechanick\u00e9ho , pneumatick\u00e9ho alebo hydraulick\u00e9ho charakteru.<\/p>\n","protected":false},"author":1,"featured_media":0,"parent":0,"menu_order":0,"comment_status":"closed","ping_status":"closed","template":"","meta":[],"_links":{"self":[{"href":"https:\/\/www.dcautoma.sk\/index.php?rest_route=\/wp\/v2\/pages\/27"}],"collection":[{"href":"https:\/\/www.dcautoma.sk\/index.php?rest_route=\/wp\/v2\/pages"}],"about":[{"href":"https:\/\/www.dcautoma.sk\/index.php?rest_route=\/wp\/v2\/types\/page"}],"author":[{"embeddable":true,"href":"https:\/\/www.dcautoma.sk\/index.php?rest_route=\/wp\/v2\/users\/1"}],"replies":[{"embeddable":true,"href":"https:\/\/www.dcautoma.sk\/index.php?rest_route=%2Fwp%2Fv2%2Fcomments&post=27"}],"version-history":[{"count":26,"href":"https:\/\/www.dcautoma.sk\/index.php?rest_route=\/wp\/v2\/pages\/27\/revisions"}],"predecessor-version":[{"id":355,"href":"https:\/\/www.dcautoma.sk\/index.php?rest_route=\/wp\/v2\/pages\/27\/revisions\/355"}],"wp:attachment":[{"href":"https:\/\/www.dcautoma.sk\/index.php?rest_route=%2Fwp%2Fv2%2Fmedia&parent=27"}],"curies":[{"name":"wp","href":"https:\/\/api.w.org\/{rel}","templated":true}]}}