{"id":257,"date":"2020-12-26T18:06:10","date_gmt":"2020-12-26T18:06:10","guid":{"rendered":"http:\/\/www.dcautoma.sk\/?page_id=257"},"modified":"2021-01-03T11:38:32","modified_gmt":"2021-01-03T11:38:32","slug":"projektovanie-elektrickych-zariadeni","status":"publish","type":"page","link":"https:\/\/www.dcautoma.sk\/?page_id=257","title":{"rendered":"Projektovanie elektrick\u00fdch zariaden\u00ed"},"content":{"rendered":"\n<p>K elektrick\u00e9mu zariadeniu vieme zabezpe\u010di\u0165 riadnu projektov\u00fa dokument\u00e1ciu.<\/p>\n\n\n\n<figure class=\"wp-block-image size-large\"><img loading=\"lazy\" width=\"1024\" height=\"741\" src=\"https:\/\/www.dcautoma.sk\/wp-content\/uploads\/2021\/01\/Projektovanie-11-1024x741.jpg\" alt=\"\" class=\"wp-image-334\" srcset=\"https:\/\/www.dcautoma.sk\/wp-content\/uploads\/2021\/01\/Projektovanie-11-1024x741.jpg 1024w, https:\/\/www.dcautoma.sk\/wp-content\/uploads\/2021\/01\/Projektovanie-11-300x217.jpg 300w, https:\/\/www.dcautoma.sk\/wp-content\/uploads\/2021\/01\/Projektovanie-11-768x556.jpg 768w, https:\/\/www.dcautoma.sk\/wp-content\/uploads\/2021\/01\/Projektovanie-11.jpg 1295w\" sizes=\"(max-width: 1024px) 100vw, 1024px\" \/><\/figure>\n\n\n\n<figure class=\"wp-block-image size-large\"><img loading=\"lazy\" width=\"1024\" height=\"750\" src=\"https:\/\/www.dcautoma.sk\/wp-content\/uploads\/2021\/01\/Projektovanie-22-1024x750.jpg\" alt=\"\" class=\"wp-image-335\" srcset=\"https:\/\/www.dcautoma.sk\/wp-content\/uploads\/2021\/01\/Projektovanie-22-1024x750.jpg 1024w, https:\/\/www.dcautoma.sk\/wp-content\/uploads\/2021\/01\/Projektovanie-22-300x220.jpg 300w, https:\/\/www.dcautoma.sk\/wp-content\/uploads\/2021\/01\/Projektovanie-22-768x563.jpg 768w, https:\/\/www.dcautoma.sk\/wp-content\/uploads\/2021\/01\/Projektovanie-22.jpg 1287w\" sizes=\"(max-width: 1024px) 100vw, 1024px\" \/><\/figure>\n\n\n\n<figure class=\"wp-block-image size-large\"><img loading=\"lazy\" width=\"1024\" height=\"745\" src=\"https:\/\/www.dcautoma.sk\/wp-content\/uploads\/2021\/01\/Projektovanie-33-1024x745.jpg\" alt=\"\" class=\"wp-image-336\" srcset=\"https:\/\/www.dcautoma.sk\/wp-content\/uploads\/2021\/01\/Projektovanie-33-1024x745.jpg 1024w, https:\/\/www.dcautoma.sk\/wp-content\/uploads\/2021\/01\/Projektovanie-33-300x218.jpg 300w, https:\/\/www.dcautoma.sk\/wp-content\/uploads\/2021\/01\/Projektovanie-33-768x559.jpg 768w, https:\/\/www.dcautoma.sk\/wp-content\/uploads\/2021\/01\/Projektovanie-33.jpg 1291w\" sizes=\"(max-width: 1024px) 100vw, 1024px\" \/><\/figure>\n\n\n\n<figure class=\"wp-block-image size-large\"><img loading=\"lazy\" width=\"1024\" height=\"745\" src=\"https:\/\/www.dcautoma.sk\/wp-content\/uploads\/2021\/01\/Projektovanie-44-1024x745.jpg\" alt=\"\" class=\"wp-image-337\" srcset=\"https:\/\/www.dcautoma.sk\/wp-content\/uploads\/2021\/01\/Projektovanie-44-1024x745.jpg 1024w, https:\/\/www.dcautoma.sk\/wp-content\/uploads\/2021\/01\/Projektovanie-44-300x218.jpg 300w, https:\/\/www.dcautoma.sk\/wp-content\/uploads\/2021\/01\/Projektovanie-44-768x559.jpg 768w, https:\/\/www.dcautoma.sk\/wp-content\/uploads\/2021\/01\/Projektovanie-44.jpg 1291w\" sizes=\"(max-width: 1024px) 100vw, 1024px\" \/><\/figure>\n","protected":false},"excerpt":{"rendered":"<p>K elektrick\u00e9mu zariadeniu vieme zabezpe\u010di\u0165 riadnu projektov\u00fa dokument\u00e1ciu.<\/p>\n","protected":false},"author":1,"featured_media":0,"parent":0,"menu_order":0,"comment_status":"closed","ping_status":"closed","template":"","meta":[],"_links":{"self":[{"href":"https:\/\/www.dcautoma.sk\/index.php?rest_route=\/wp\/v2\/pages\/257"}],"collection":[{"href":"https:\/\/www.dcautoma.sk\/index.php?rest_route=\/wp\/v2\/pages"}],"about":[{"href":"https:\/\/www.dcautoma.sk\/index.php?rest_route=\/wp\/v2\/types\/page"}],"author":[{"embeddable":true,"href":"https:\/\/www.dcautoma.sk\/index.php?rest_route=\/wp\/v2\/users\/1"}],"replies":[{"embeddable":true,"href":"https:\/\/www.dcautoma.sk\/index.php?rest_route=%2Fwp%2Fv2%2Fcomments&post=257"}],"version-history":[{"count":9,"href":"https:\/\/www.dcautoma.sk\/index.php?rest_route=\/wp\/v2\/pages\/257\/revisions"}],"predecessor-version":[{"id":338,"href":"https:\/\/www.dcautoma.sk\/index.php?rest_route=\/wp\/v2\/pages\/257\/revisions\/338"}],"wp:attachment":[{"href":"https:\/\/www.dcautoma.sk\/index.php?rest_route=%2Fwp%2Fv2%2Fmedia&parent=257"}],"curies":[{"name":"wp","href":"https:\/\/api.w.org\/{rel}","templated":true}]}}