{"id":2,"date":"2016-02-03T04:08:41","date_gmt":"2016-02-03T04:08:41","guid":{"rendered":"http:\/\/wp442m.a10-52-158-154.qa.plesk.ru\/wordpress\/?page_id=2"},"modified":"2022-01-30T14:42:12","modified_gmt":"2022-01-30T14:42:12","slug":"sample-page","status":"publish","type":"page","link":"https:\/\/www.dcautoma.sk\/","title":{"rendered":"Vitajte na str\u00e1nke firmy DC AUTOMA, s.r.o."},"content":{"rendered":"\n<figure class=\"wp-block-image size-large\"><img loading=\"lazy\" width=\"1024\" height=\"768\" src=\"https:\/\/www.dcautoma.sk\/wp-content\/uploads\/2020\/12\/20190823_130800-1024x768.jpg\" alt=\"\" class=\"wp-image-210\" srcset=\"https:\/\/www.dcautoma.sk\/wp-content\/uploads\/2020\/12\/20190823_130800-1024x768.jpg 1024w, https:\/\/www.dcautoma.sk\/wp-content\/uploads\/2020\/12\/20190823_130800-300x225.jpg 300w, https:\/\/www.dcautoma.sk\/wp-content\/uploads\/2020\/12\/20190823_130800-768x576.jpg 768w, https:\/\/www.dcautoma.sk\/wp-content\/uploads\/2020\/12\/20190823_130800-1536x1152.jpg 1536w, https:\/\/www.dcautoma.sk\/wp-content\/uploads\/2020\/12\/20190823_130800-2048x1536.jpg 2048w\" sizes=\"(max-width: 1024px) 100vw, 1024px\" \/><\/figure>\n\n\n<p>V\u00e1\u017een\u00fd z\u00e1kazn\u00edk<\/p>\n<p>V\u00edtame V\u00e1s na na\u0161ej webovej str\u00e1nke spolo\u010dnosti DC AUTOMA, s.r.o.Na\u0161a spolo\u010dnos\u0165 sa zaober\u00e1 \u010dinnos\u0165ami v oblasti elektro, mechaniky, pneumatiky a hydrauliky.Ver\u00edm \u017ee tu n\u00e1jdete v\u0161etky potrebn\u00e9 inform\u00e1cie o na\u0161ich slu\u017eb\u00e1ch. Ak m\u00e1te nejak\u00e9 ot\u00e1zky kontaktujte n\u00e1s telefonicky alebo mailom.<\/p>\n\n\n<p><\/p>\n","protected":false},"excerpt":{"rendered":"<p>V\u00e1\u017een\u00fd z\u00e1kazn\u00edk V\u00edtame V\u00e1s na na\u0161ej webovej str\u00e1nke spolo\u010dnosti DC AUTOMA, s.r.o.Na\u0161a spolo\u010dnos\u0165 sa zaober\u00e1 \u010dinnos\u0165ami v oblasti elektro, mechaniky, pneumatiky a hydrauliky.Ver\u00edm \u017ee tu n\u00e1jdete v\u0161etky potrebn\u00e9 inform\u00e1cie o na\u0161ich slu\u017eb\u00e1ch. Ak m\u00e1te nejak\u00e9 ot\u00e1zky kontaktujte n\u00e1s telefonicky alebo mailom.<\/p>\n","protected":false},"author":1,"featured_media":0,"parent":0,"menu_order":0,"comment_status":"closed","ping_status":"open","template":"","meta":[],"_links":{"self":[{"href":"https:\/\/www.dcautoma.sk\/index.php?rest_route=\/wp\/v2\/pages\/2"}],"collection":[{"href":"https:\/\/www.dcautoma.sk\/index.php?rest_route=\/wp\/v2\/pages"}],"about":[{"href":"https:\/\/www.dcautoma.sk\/index.php?rest_route=\/wp\/v2\/types\/page"}],"author":[{"embeddable":true,"href":"https:\/\/www.dcautoma.sk\/index.php?rest_route=\/wp\/v2\/users\/1"}],"replies":[{"embeddable":true,"href":"https:\/\/www.dcautoma.sk\/index.php?rest_route=%2Fwp%2Fv2%2Fcomments&post=2"}],"version-history":[{"count":7,"href":"https:\/\/www.dcautoma.sk\/index.php?rest_route=\/wp\/v2\/pages\/2\/revisions"}],"predecessor-version":[{"id":296,"href":"https:\/\/www.dcautoma.sk\/index.php?rest_route=\/wp\/v2\/pages\/2\/revisions\/296"}],"wp:attachment":[{"href":"https:\/\/www.dcautoma.sk\/index.php?rest_route=%2Fwp%2Fv2%2Fmedia&parent=2"}],"curies":[{"name":"wp","href":"https:\/\/api.w.org\/{rel}","templated":true}]}}